{"id":976,"date":"2025-03-12T02:18:08","date_gmt":"2025-03-12T02:18:08","guid":{"rendered":"https:\/\/www.tlheatpress.com:8182\/?page_id=976"},"modified":"2026-01-06T02:19:36","modified_gmt":"2026-01-06T02:19:36","slug":"our-exhibition","status":"publish","type":"page","link":"https:\/\/www.hcftir.com\/es\/our-exhibition\/","title":{"rendered":"Nuestra exposici\u00f3n"},"content":{"rendered":"<div class=\"path_bar\">\n        <div class=\"layout\" style=\"margin:0 auto\">\n            <ul>\n                <li><a href=\"\/\">Inicio<\/a><\/li>\n                <!--\u9762\u5305\u5c51-->\n               <li><a href=\"\">Nuestra exposici\u00f3n<\/a><\/li>\n            <\/ul>\n        <\/div>\n    <\/div>\n\n\n\n<h1 class=\"wp-block-heading has-text-align-center sh h20 layout ch\" style=\"font-size:30px\">Ferias mundiales de prensas hidr\u00e1ulicas y compromisos industriales<\/h1>\n\n\n\n<p class=\"has-text-align-center layout bt pa\">Descubra la participaci\u00f3n de Hench Technology en las principales ferias del mundo, mostrando nuestras \u00faltimas novedades. <a href=\"https:\/\/www.hcftir.com\/infrared-spectrometer-category\/\">Instrumentos FTIR<\/a>&nbsp;y <a href=\"https:\/\/www.hcftir.com\/hydraulic-press-series-category\/\">m\u00e1quina de prensa hidr\u00e1ulica<\/a>. Nuestra presencia en eventos del sector refleja nuestro compromiso con la innovaci\u00f3n, la calidad y el compromiso con el cliente, ya que nos brinda la oportunidad de conectar con profesionales y demostrar de primera mano nuestras tecnolog\u00edas de vanguardia.<\/p>\n\n\n\n<div class=\"wp-block-columns layout bt bt0 is-layout-flex wp-container-core-columns-is-layout-1 wp-block-columns-is-layout-flex\">\n<div class=\"wp-block-column is-layout-flow wp-block-column-is-layout-flow\">\n<figure class=\"wp-block-image size-full\"><img loading=\"lazy\" decoding=\"async\" width=\"800\" height=\"700\" src=\"https:\/\/www.hcftir.com\/wp-content\/uploads\/2025\/08\/ex1.webp\" alt=\"Exposiciones de prensas hidr\u00e1ulicas Hench\" class=\"wp-image-4469\" srcset=\"https:\/\/www.hcftir.com\/wp-content\/uploads\/2025\/08\/ex1.webp 800w, https:\/\/www.hcftir.com\/wp-content\/uploads\/2025\/08\/ex1-300x263.webp 300w, https:\/\/www.hcftir.com\/wp-content\/uploads\/2025\/08\/ex1-768x672.webp 768w, https:\/\/www.hcftir.com\/wp-content\/uploads\/2025\/08\/ex1-14x12.webp 14w\" sizes=\"auto, (max-width: 800px) 100vw, 800px\" \/><\/figure>\n<\/div>\n\n\n\n<div class=\"wp-block-column is-layout-flow wp-block-column-is-layout-flow\">\n<figure class=\"wp-block-image size-full\"><img loading=\"lazy\" decoding=\"async\" width=\"800\" height=\"700\" src=\"https:\/\/www.hcftir.com\/wp-content\/uploads\/2025\/08\/ex2.webp\" alt=\"Exposiciones de prensas hidr\u00e1ulicas Hench\" class=\"wp-image-4468\" srcset=\"https:\/\/www.hcftir.com\/wp-content\/uploads\/2025\/08\/ex2.webp 800w, https:\/\/www.hcftir.com\/wp-content\/uploads\/2025\/08\/ex2-300x263.webp 300w, https:\/\/www.hcftir.com\/wp-content\/uploads\/2025\/08\/ex2-768x672.webp 768w, https:\/\/www.hcftir.com\/wp-content\/uploads\/2025\/08\/ex2-14x12.webp 14w\" sizes=\"auto, (max-width: 800px) 100vw, 800px\" \/><\/figure>\n<\/div>\n\n\n\n<div class=\"wp-block-column is-layout-flow wp-block-column-is-layout-flow\">\n<figure class=\"wp-block-image size-full\"><img loading=\"lazy\" decoding=\"async\" width=\"800\" height=\"700\" src=\"https:\/\/www.hcftir.com\/wp-content\/uploads\/2025\/08\/ex3.webp\" alt=\"Exposiciones de prensas hidr\u00e1ulicas Hench\" class=\"wp-image-4467\" srcset=\"https:\/\/www.hcftir.com\/wp-content\/uploads\/2025\/08\/ex3.webp 800w, https:\/\/www.hcftir.com\/wp-content\/uploads\/2025\/08\/ex3-300x263.webp 300w, https:\/\/www.hcftir.com\/wp-content\/uploads\/2025\/08\/ex3-768x672.webp 768w, https:\/\/www.hcftir.com\/wp-content\/uploads\/2025\/08\/ex3-14x12.webp 14w\" sizes=\"auto, (max-width: 800px) 100vw, 800px\" \/><\/figure>\n<\/div>\n<\/div>\n\n\n\n<div class=\"wp-block-columns layout bt bt0 is-layout-flex wp-container-core-columns-is-layout-2 wp-block-columns-is-layout-flex\">\n<div class=\"wp-block-column is-layout-flow wp-block-column-is-layout-flow\">\n<figure class=\"wp-block-image size-full\"><img loading=\"lazy\" decoding=\"async\" width=\"800\" height=\"700\" src=\"https:\/\/www.hcftir.com\/wp-content\/uploads\/2025\/08\/ex4.webp\" alt=\"Exposiciones de prensas hidr\u00e1ulicas Hench\" class=\"wp-image-4472\" srcset=\"https:\/\/www.hcftir.com\/wp-content\/uploads\/2025\/08\/ex4.webp 800w, https:\/\/www.hcftir.com\/wp-content\/uploads\/2025\/08\/ex4-300x263.webp 300w, https:\/\/www.hcftir.com\/wp-content\/uploads\/2025\/08\/ex4-768x672.webp 768w, https:\/\/www.hcftir.com\/wp-content\/uploads\/2025\/08\/ex4-14x12.webp 14w\" sizes=\"auto, (max-width: 800px) 100vw, 800px\" \/><\/figure>\n<\/div>\n\n\n\n<div class=\"wp-block-column is-layout-flow wp-block-column-is-layout-flow\">\n<figure class=\"wp-block-image size-full\"><img loading=\"lazy\" decoding=\"async\" width=\"800\" height=\"700\" src=\"https:\/\/www.hcftir.com\/wp-content\/uploads\/2025\/08\/ex5.webp\" alt=\"Exposiciones de prensas hidr\u00e1ulicas Hench\" class=\"wp-image-4471\" srcset=\"https:\/\/www.hcftir.com\/wp-content\/uploads\/2025\/08\/ex5.webp 800w, https:\/\/www.hcftir.com\/wp-content\/uploads\/2025\/08\/ex5-300x263.webp 300w, https:\/\/www.hcftir.com\/wp-content\/uploads\/2025\/08\/ex5-768x672.webp 768w, https:\/\/www.hcftir.com\/wp-content\/uploads\/2025\/08\/ex5-14x12.webp 14w\" sizes=\"auto, (max-width: 800px) 100vw, 800px\" \/><\/figure>\n<\/div>\n\n\n\n<div class=\"wp-block-column is-layout-flow wp-block-column-is-layout-flow\">\n<figure class=\"wp-block-image size-full\"><img loading=\"lazy\" decoding=\"async\" width=\"800\" height=\"700\" src=\"https:\/\/www.hcftir.com\/wp-content\/uploads\/2025\/08\/ex6-1.webp\" alt=\"Exposiciones de prensas hidr\u00e1ulicas Hench\" class=\"wp-image-4477\" srcset=\"https:\/\/www.hcftir.com\/wp-content\/uploads\/2025\/08\/ex6-1.webp 800w, https:\/\/www.hcftir.com\/wp-content\/uploads\/2025\/08\/ex6-1-300x263.webp 300w, https:\/\/www.hcftir.com\/wp-content\/uploads\/2025\/08\/ex6-1-768x672.webp 768w, https:\/\/www.hcftir.com\/wp-content\/uploads\/2025\/08\/ex6-1-14x12.webp 14w\" sizes=\"auto, (max-width: 800px) 100vw, 800px\" \/><\/figure>\n<\/div>\n<\/div>\n\n\n\n<div class=\"layout sh t0\">\n\n    <div class=\"header_inquiry\"\n         style=\"display: flex; align-items: center; justify-content: center; height: 64vh; background-color: #f1f4f6; width: 100%;\">\n        <div id=\"header_inquiry-form\"\n             style=\"border:1px solid #bfbfbf; padding: 2em; padding-top:2.625em;width: 84%; background-color: #fff;\">\n            <div style=\"background-color: #013e5a; color: #fff; padding: 1em; border-radius: 5px; margin-bottom: 2em; text-align: center;\">\n                <h2 style=\"margin: 0; color: #fff;\">Deje su mensaje<\/h2>\n            <\/div>\n            <form id=\"header_inquiry-form-content\" action=\"#\" method=\"post\" style=\"color: #666;\" data-trp-original-action=\"#\">\n                <input type=\"text\" name=\"title\" id=\"name\" placeholder=\"*Nombre...\" required\n style=\"width: 100%; padding: 1em; margin-bottom: 1em; box-sizing: border-box;\">\n                <input type=\"email\" name=\"email\" id=\"email\"\n                       placeholder=\"*Correo electr\u00f3nico (le responderemos por correo electr\u00f3nico en 24 horas)\" required\n style=\"width: 100%; padding: 1em; margin-bottom: 1em; box-sizing: border-box;\">\n                <input type=\"text\" name=\"telephone\" id=\"phone\" placeholder=\"*Tel\u00e9fono\/WhatsApp\/WeChat (Muy importante)\"\n                       pattern=\".*\\S.*\" required style=\"width: 100%; padding: 1em; margin-bottom: 1em; box-sizing: border-box;\">\n                <textarea name=\"message\" id=\"details\" rows=\"4\"\n                          placeholder=\"Introduzca los detalles de la cabecera, como tama\u00f1o, color, materiales, etc., y otros requisitos espec\u00edficos para recibir un presupuesto preciso.\"\n                          style=\"width: 100%; padding: 1em; margin-bottom: 1em; box-sizing: border-box;\"><\/textarea>\n                <button id=\"send_form\" type=\"submit\"\n                        style=\"background-color: #f28808; color: #fff; padding: 1em 1.5em; border: none; border-radius: 3px; cursor: pointer; width: 100%;\">\n                    Enviar\n                <\/button>\n            <input type=\"hidden\" name=\"trp-form-language\" value=\"es\"\/><\/form>\n        <\/div>\n    <\/div>\n    \n\n<\/div>\n\n\n\n<style>\n\n.sh{\nmargin:30px auto 40px\n}\n\n.bt{\nmargin-bottom:30px\n\n}\n.t10{\nmargin-top:10px\n\n}\n<\/style>\n\n\n\n<style>\n@media screen and (max-width:981px){\n\n.h20{\nfont-size:20px!important\n}\n.bt0{\nmargin-bottom:0!important\n}\n.t0{\nmargin-top:0!important\n}\n}\n<\/style>\n\n\n\n<p><\/p>","protected":false},"excerpt":{"rendered":"<p>Inicio Nuestra Exposici\u00f3n Prensa Hidr\u00e1ulica Global Exposiciones y Compromisos con la Industria Explore la participaci\u00f3n de Hench Technology en las principales exposiciones mundiales, mostrando nuestros \u00faltimos instrumentos FTIR y m\u00e1quina de prensa hidr\u00e1ulica. Nuestra presencia en eventos de la industria refleja nuestro compromiso con la innovaci\u00f3n, la calidad y el compromiso con el cliente, proporcionando oportunidades para conectar con profesionales y demostrar nuestras tecnolog\u00edas de vanguardia de primera mano.<\/p>","protected":false},"author":1,"featured_media":4469,"parent":0,"menu_order":0,"comment_status":"closed","ping_status":"closed","template":"","meta":{"footnotes":""},"class_list":["post-976","page","type-page","status-publish","has-post-thumbnail","hentry"],"yoast_head":"<!-- This site is optimized with the Yoast SEO plugin v24.4 - https:\/\/yoast.com\/wordpress\/plugins\/seo\/ -->\n<title>Global Hydraulic Presses Exhibitions \u2013 Hench Technology<\/title>\n<meta name=\"description\" content=\"Discover Hench Technology at global exhibitions, showcasing FTIR instruments and hydraulic press solutions. Connect with our experts and explore cutting-edge laboratory equipment innovations.\" \/>\n<meta name=\"robots\" content=\"index, follow, max-snippet:-1, max-image-preview:large, max-video-preview:-1\" \/>\n<link rel=\"canonical\" href=\"https:\/\/www.hcftir.com\/es\/our-exhibition\/\" \/>\n<meta property=\"og:locale\" content=\"es_ES\" \/>\n<meta property=\"og:type\" content=\"article\" \/>\n<meta property=\"og:title\" content=\"Global Hydraulic Presses Exhibitions \u2013 Hench Technology\" \/>\n<meta property=\"og:description\" content=\"Discover Hench Technology at global exhibitions, showcasing FTIR instruments and hydraulic press solutions. Connect with our experts and explore cutting-edge laboratory equipment innovations.\" \/>\n<meta property=\"og:url\" content=\"https:\/\/www.hcftir.com\/es\/our-exhibition\/\" \/>\n<meta property=\"og:site_name\" content=\"Hench Technology\" \/>\n<meta property=\"article:publisher\" content=\"https:\/\/www.facebook.com\/hcftir\" \/>\n<meta property=\"article:modified_time\" content=\"2026-01-06T02:19:36+00:00\" \/>\n<meta property=\"og:image\" content=\"https:\/\/www.hcftir.com\/wp-content\/uploads\/2025\/08\/ex1.webp\" \/>\n\t<meta property=\"og:image:width\" content=\"800\" \/>\n\t<meta property=\"og:image:height\" content=\"700\" \/>\n\t<meta property=\"og:image:type\" content=\"image\/webp\" \/>\n<meta name=\"twitter:card\" content=\"summary_large_image\" \/>\n<meta name=\"twitter:label1\" content=\"Est. reading time\" \/>\n\t<meta name=\"twitter:data1\" content=\"2 minutos\" \/>\n<script type=\"application\/ld+json\" class=\"yoast-schema-graph\">{\"@context\":\"https:\/\/schema.org\",\"@graph\":[{\"@type\":\"WebPage\",\"@id\":\"https:\/\/www.hcftir.com\/our-exhibition\/\",\"url\":\"https:\/\/www.hcftir.com\/our-exhibition\/\",\"name\":\"Global Hydraulic Presses Exhibitions \u2013 Hench Technology\",\"isPartOf\":{\"@id\":\"https:\/\/www.hcftir.com\/#website\"},\"primaryImageOfPage\":{\"@id\":\"https:\/\/www.hcftir.com\/our-exhibition\/#primaryimage\"},\"image\":{\"@id\":\"https:\/\/www.hcftir.com\/our-exhibition\/#primaryimage\"},\"thumbnailUrl\":\"https:\/\/www.hcftir.com\/wp-content\/uploads\/2025\/08\/ex1.webp\",\"datePublished\":\"2025-03-12T02:18:08+00:00\",\"dateModified\":\"2026-01-06T02:19:36+00:00\",\"description\":\"Discover Hench Technology at global exhibitions, showcasing FTIR instruments and hydraulic press solutions. Connect with our experts and explore cutting-edge laboratory equipment innovations.\",\"breadcrumb\":{\"@id\":\"https:\/\/www.hcftir.com\/our-exhibition\/#breadcrumb\"},\"inLanguage\":\"es\",\"potentialAction\":[{\"@type\":\"ReadAction\",\"target\":[\"https:\/\/www.hcftir.com\/our-exhibition\/\"]}]},{\"@type\":\"ImageObject\",\"inLanguage\":\"es\",\"@id\":\"https:\/\/www.hcftir.com\/our-exhibition\/#primaryimage\",\"url\":\"https:\/\/www.hcftir.com\/wp-content\/uploads\/2025\/08\/ex1.webp\",\"contentUrl\":\"https:\/\/www.hcftir.com\/wp-content\/uploads\/2025\/08\/ex1.webp\",\"width\":800,\"height\":700},{\"@type\":\"BreadcrumbList\",\"@id\":\"https:\/\/www.hcftir.com\/our-exhibition\/#breadcrumb\",\"itemListElement\":[{\"@type\":\"ListItem\",\"position\":1,\"name\":\"Home\",\"item\":\"https:\/\/www.hcftir.com\/\"},{\"@type\":\"ListItem\",\"position\":2,\"name\":\"Our Exhibition\"}]},{\"@type\":\"WebSite\",\"@id\":\"https:\/\/www.hcftir.com\/#website\",\"url\":\"https:\/\/www.hcftir.com\/\",\"name\":\"Hench Technology\",\"description\":\"Hench Technology\",\"publisher\":{\"@id\":\"https:\/\/www.hcftir.com\/#organization\"},\"potentialAction\":[{\"@type\":\"SearchAction\",\"target\":{\"@type\":\"EntryPoint\",\"urlTemplate\":\"https:\/\/www.hcftir.com\/?s={search_term_string}\"},\"query-input\":{\"@type\":\"PropertyValueSpecification\",\"valueRequired\":true,\"valueName\":\"search_term_string\"}}],\"inLanguage\":\"es\"},{\"@type\":\"Organization\",\"@id\":\"https:\/\/www.hcftir.com\/#organization\",\"name\":\"Tianjin Hench Technology Co., Ltd.\",\"url\":\"https:\/\/www.hcftir.com\/\",\"logo\":{\"@type\":\"ImageObject\",\"inLanguage\":\"es\",\"@id\":\"https:\/\/www.hcftir.com\/#\/schema\/logo\/image\/\",\"url\":\"https:\/\/www.hcftir.com\/wp-content\/uploads\/2025\/08\/cropped-cropped-Tianjin-Hench-Technology-Co.-Ltd.-logo-FTIR-instruments-and-laboratory-sample-preparation-tools-manufacturer.webp\",\"contentUrl\":\"https:\/\/www.hcftir.com\/wp-content\/uploads\/2025\/08\/cropped-cropped-Tianjin-Hench-Technology-Co.-Ltd.-logo-FTIR-instruments-and-laboratory-sample-preparation-tools-manufacturer.webp\",\"width\":512,\"height\":512,\"caption\":\"Tianjin Hench Technology Co., Ltd.\"},\"image\":{\"@id\":\"https:\/\/www.hcftir.com\/#\/schema\/logo\/image\/\"},\"sameAs\":[\"https:\/\/www.facebook.com\/hcftir\"]}]}<\/script>\n<!-- \/ Yoast SEO plugin. -->","yoast_head_json":{"title":"Global Hydraulic Presses Exhibitions \u2013 Hench Technology","description":"Discover Hench Technology at global exhibitions, showcasing FTIR instruments and hydraulic press solutions. Connect with our experts and explore cutting-edge laboratory equipment innovations.","robots":{"index":"index","follow":"follow","max-snippet":"max-snippet:-1","max-image-preview":"max-image-preview:large","max-video-preview":"max-video-preview:-1"},"canonical":"https:\/\/www.hcftir.com\/es\/our-exhibition\/","og_locale":"es_ES","og_type":"article","og_title":"Global Hydraulic Presses Exhibitions \u2013 Hench Technology","og_description":"Discover Hench Technology at global exhibitions, showcasing FTIR instruments and hydraulic press solutions. Connect with our experts and explore cutting-edge laboratory equipment innovations.","og_url":"https:\/\/www.hcftir.com\/es\/our-exhibition\/","og_site_name":"Hench Technology","article_publisher":"https:\/\/www.facebook.com\/hcftir","article_modified_time":"2026-01-06T02:19:36+00:00","og_image":[{"width":800,"height":700,"url":"https:\/\/www.hcftir.com\/wp-content\/uploads\/2025\/08\/ex1.webp","type":"image\/webp"}],"twitter_card":"summary_large_image","twitter_misc":{"Est. reading time":"2 minutos"},"schema":{"@context":"https:\/\/schema.org","@graph":[{"@type":"WebPage","@id":"https:\/\/www.hcftir.com\/our-exhibition\/","url":"https:\/\/www.hcftir.com\/our-exhibition\/","name":"Global Hydraulic Presses Exhibitions \u2013 Hench Technology","isPartOf":{"@id":"https:\/\/www.hcftir.com\/#website"},"primaryImageOfPage":{"@id":"https:\/\/www.hcftir.com\/our-exhibition\/#primaryimage"},"image":{"@id":"https:\/\/www.hcftir.com\/our-exhibition\/#primaryimage"},"thumbnailUrl":"https:\/\/www.hcftir.com\/wp-content\/uploads\/2025\/08\/ex1.webp","datePublished":"2025-03-12T02:18:08+00:00","dateModified":"2026-01-06T02:19:36+00:00","description":"Discover Hench Technology at global exhibitions, showcasing FTIR instruments and hydraulic press solutions. Connect with our experts and explore cutting-edge laboratory equipment innovations.","breadcrumb":{"@id":"https:\/\/www.hcftir.com\/our-exhibition\/#breadcrumb"},"inLanguage":"es","potentialAction":[{"@type":"ReadAction","target":["https:\/\/www.hcftir.com\/our-exhibition\/"]}]},{"@type":"ImageObject","inLanguage":"es","@id":"https:\/\/www.hcftir.com\/our-exhibition\/#primaryimage","url":"https:\/\/www.hcftir.com\/wp-content\/uploads\/2025\/08\/ex1.webp","contentUrl":"https:\/\/www.hcftir.com\/wp-content\/uploads\/2025\/08\/ex1.webp","width":800,"height":700},{"@type":"BreadcrumbList","@id":"https:\/\/www.hcftir.com\/our-exhibition\/#breadcrumb","itemListElement":[{"@type":"ListItem","position":1,"name":"Home","item":"https:\/\/www.hcftir.com\/"},{"@type":"ListItem","position":2,"name":"Our Exhibition"}]},{"@type":"WebSite","@id":"https:\/\/www.hcftir.com\/#website","url":"https:\/\/www.hcftir.com\/","name":"Hench Technology","description":"Hench Technology","publisher":{"@id":"https:\/\/www.hcftir.com\/#organization"},"potentialAction":[{"@type":"SearchAction","target":{"@type":"EntryPoint","urlTemplate":"https:\/\/www.hcftir.com\/?s={search_term_string}"},"query-input":{"@type":"PropertyValueSpecification","valueRequired":true,"valueName":"search_term_string"}}],"inLanguage":"es"},{"@type":"Organization","@id":"https:\/\/www.hcftir.com\/#organization","name":"Tianjin Hench Technology Co., Ltd.","url":"https:\/\/www.hcftir.com\/","logo":{"@type":"ImageObject","inLanguage":"es","@id":"https:\/\/www.hcftir.com\/#\/schema\/logo\/image\/","url":"https:\/\/www.hcftir.com\/wp-content\/uploads\/2025\/08\/cropped-cropped-Tianjin-Hench-Technology-Co.-Ltd.-logo-FTIR-instruments-and-laboratory-sample-preparation-tools-manufacturer.webp","contentUrl":"https:\/\/www.hcftir.com\/wp-content\/uploads\/2025\/08\/cropped-cropped-Tianjin-Hench-Technology-Co.-Ltd.-logo-FTIR-instruments-and-laboratory-sample-preparation-tools-manufacturer.webp","width":512,"height":512,"caption":"Tianjin Hench Technology Co., Ltd."},"image":{"@id":"https:\/\/www.hcftir.com\/#\/schema\/logo\/image\/"},"sameAs":["https:\/\/www.facebook.com\/hcftir"]}]}},"_links":{"self":[{"href":"https:\/\/www.hcftir.com\/es\/wp-json\/wp\/v2\/pages\/976","targetHints":{"allow":["GET"]}}],"collection":[{"href":"https:\/\/www.hcftir.com\/es\/wp-json\/wp\/v2\/pages"}],"about":[{"href":"https:\/\/www.hcftir.com\/es\/wp-json\/wp\/v2\/types\/page"}],"author":[{"embeddable":true,"href":"https:\/\/www.hcftir.com\/es\/wp-json\/wp\/v2\/users\/1"}],"replies":[{"embeddable":true,"href":"https:\/\/www.hcftir.com\/es\/wp-json\/wp\/v2\/comments?post=976"}],"version-history":[{"count":76,"href":"https:\/\/www.hcftir.com\/es\/wp-json\/wp\/v2\/pages\/976\/revisions"}],"predecessor-version":[{"id":6173,"href":"https:\/\/www.hcftir.com\/es\/wp-json\/wp\/v2\/pages\/976\/revisions\/6173"}],"wp:featuredmedia":[{"embeddable":true,"href":"https:\/\/www.hcftir.com\/es\/wp-json\/wp\/v2\/media\/4469"}],"wp:attachment":[{"href":"https:\/\/www.hcftir.com\/es\/wp-json\/wp\/v2\/media?parent=976"}],"curies":[{"name":"wp","href":"https:\/\/api.w.org\/{rel}","templated":true}]}}