{"id":37,"date":"2025-02-07T01:55:43","date_gmt":"2025-02-07T01:55:43","guid":{"rendered":"https:\/\/www.tlheatpress.com:8182\/?page_id=37"},"modified":"2026-03-07T01:08:23","modified_gmt":"2026-03-07T01:08:23","slug":"contact-us","status":"publish","type":"page","link":"https:\/\/www.hcftir.com\/es\/contact-us\/","title":{"rendered":"P\u00f3ngase en contacto con nosotros"},"content":{"rendered":"<div class=\"path_bar\">\n        <div class=\"layout\">\n            <ul>\n                <li><a href=\"\/\">Inicio<\/a><\/li>\n                <!--\u9762\u5305\u5c51-->\n               <li><a href=\"\">P\u00f3ngase en contacto con nosotros<\/a><\/li>\n            <\/ul>\n        <\/div>\n    <\/div>\n\n\n\n<h1 class=\"wp-block-heading has-text-align-center layout sh h20 ch\" style=\"font-size:30px\">P\u00f3ngase en contacto con nosotros<\/h1>\n\n\n\n<div id=\"icon-contact\" style=\"margin-top:35px\">\n        <div class=\"layout\">\n            <ul class=\"ic-list\">\n                \n                  \n              <li style=\"text-align:center;\">\n              <img decoding=\"async\" src=\"\/wp-content\/uploads\/2025\/02\/email-fill-2.png\" class=\"social-icon\">\n             <h2>Correo electr\u00f3nico<\/h2>\n              <a href=\"mailto:hc@henchld.com\"><p>hc@henchld.com<\/p><\/a>\n\n               <\/li>\n <li style=\"text-align:center;\">\n            <img decoding=\"async\" src=\"\/wp-content\/uploads\/2025\/02\/whatsapp-7.png\" class=\"social-icon\">\n              <h2>WhatsApp<\/h2>\n        <a href=\"https:\/\/wa.me\/8615012575315\" target=\"_blank\" rel=\"noopener\"><p>+86 15012575315 <\/p><a>\n\n               <\/li>\n <li style=\"text-align:center;\">\n           <img decoding=\"async\" src=\"\/wp-content\/uploads\/2025\/02\/phone-fill.png\" class=\"social-icon\">\n              <h2>Tel\u00e9fono<\/h2>\n               <a href=\"tel:8615522429203\" target=\"_blank\" rel=\"noopener\"><p>+86 15522429203<\/p><\/a>\n           \n               <\/li>\n <li style=\"text-align:center;\">\n          <img decoding=\"async\" src=\"\/wp-content\/uploads\/2025\/02\/address-b.png\" class=\"social-icon\">\n              <h2>Direcci\u00f3n<\/h2>\n              <p>Hench Technology, 3\u00aa planta, puerta A, edificio 4, Shengji Group, Haitai Fazhan Erlu, distrito de Xiqing, Tianjin<\/p>\n               <\/li>\n\n            <\/ul>\n        <\/div>\n    <\/div>\n\n<style>\n\n.social-icon{\n\nwidth:60px;\nmargin-bottom: 15px;\n\n\n}\n@media screen and (min-width:981px){\n#icon-contact .ic-list{\ndisplay:flex;\njustify-content:space-between;\nlist-style:none!important;\nmargin-bottom:30px\n}\n#icon-contact .ic-list li{\n\nwidth:25%;\nmargin-bottom:20px\n}\n\n}\n#icon-contact .ic-list li{\n\nmargin-bottom:20px\n}\n#icon-contact .ic-list li span{\nmargin-bottom: 20px;\nfont-size:55px;\nwidth:auto!important;\nheight:auto!important\n}\n#icon-contact .ic-list{\nlist-style:none!important\n}\n<\/style>\n\n\n\n<div class=\"wp-block-columns layout bt is-layout-flex wp-container-core-columns-is-layout-1 wp-block-columns-is-layout-flex\">\n<div class=\"wp-block-column is-layout-flow wp-block-column-is-layout-flow\">\n    <div class=\"header_inquiry\"\n         style=\"display: flex; align-items: center; justify-content: center; height: 64vh; background-color: #f1f4f6; width: 100%;\">\n        <div id=\"header_inquiry-form\"\n             style=\"border:1px solid #bfbfbf; padding: 2em; padding-top:2.625em;width: 84%; background-color: #fff;\">\n            <div style=\"background-color: #013e5a; color: #fff; padding: 1em; border-radius: 5px; margin-bottom: 2em; text-align: center;\">\n                <h2 style=\"margin: 0; color: #fff;\">Deje su mensaje<\/h2>\n            <\/div>\n            <form id=\"header_inquiry-form-content\" action=\"#\" method=\"post\" style=\"color: #666;\" data-trp-original-action=\"#\">\n                <input type=\"text\" name=\"title\" id=\"name\" placeholder=\"*Nombre...\" required\n style=\"width: 100%; padding: 1em; margin-bottom: 1em; box-sizing: border-box;\">\n                <input type=\"email\" name=\"email\" id=\"email\"\n                       placeholder=\"*Correo electr\u00f3nico (le responderemos por correo electr\u00f3nico en 24 horas)\" required\n style=\"width: 100%; padding: 1em; margin-bottom: 1em; box-sizing: border-box;\">\n                <input type=\"text\" name=\"telephone\" id=\"phone\" placeholder=\"*Tel\u00e9fono\/WhatsApp\/WeChat (Muy importante)\"\n                       pattern=\".*\\S.*\" required style=\"width: 100%; padding: 1em; margin-bottom: 1em; box-sizing: border-box;\">\n                <textarea name=\"message\" id=\"details\" rows=\"4\"\n                          placeholder=\"Introduzca los detalles de la cabecera, como tama\u00f1o, color, materiales, etc., y otros requisitos espec\u00edficos para recibir un presupuesto preciso.\"\n                          style=\"width: 100%; padding: 1em; margin-bottom: 1em; box-sizing: border-box;\"><\/textarea>\n                <button id=\"send_form\" type=\"submit\"\n                        style=\"background-color: #f28808; color: #fff; padding: 1em 1.5em; border: none; border-radius: 3px; cursor: pointer; width: 100%;\">\n                    Enviar\n                <\/button>\n            <input type=\"hidden\" name=\"trp-form-language\" value=\"es\"\/><\/form>\n        <\/div>\n    <\/div>\n    \n<\/div>\n<\/div>\n\n\n\n<style>\n.sh{\nmargin-top:30px\n\n}\n.bt{\npadding-bottom:50px\n\n}\n.fimg img{\n   width:100%\n}\n<\/style>\n\n\n\n<style>\n@media screen and (max-width:981px){\n#icon-contact .ic-list li {\n   \n    width: 50%;\n    float: left;\n}\n.h20{\nfont-size:20px!important\n}\n.ic-list h2{\nfont-size:18px\n}\n\n}\n<\/style>\n\n\n\n<p><\/p>","protected":false},"excerpt":{"rendered":"<p>Inicio Contacto Contacto Correo electr\u00f3nico hc@henchld.com WhatsApp +86 15012575315 Tel\u00e9fono +86 15522429203 Direcci\u00f3n Hench Technology, 3rd Floor, Gate A, Building 4, Shengji Group, Haitai Fazhan Erlu, Xiqing District, Tianjin<\/p>","protected":false},"author":1,"featured_media":0,"parent":0,"menu_order":0,"comment_status":"closed","ping_status":"closed","template":"","meta":{"footnotes":""},"class_list":["post-37","page","type-page","status-publish","hentry"],"yoast_head":"<!-- This site is optimized with the Yoast SEO plugin v24.4 - https:\/\/yoast.com\/wordpress\/plugins\/seo\/ -->\n<title>Contact Us - Hench Technology<\/title>\n<meta name=\"robots\" content=\"index, follow, max-snippet:-1, max-image-preview:large, max-video-preview:-1\" \/>\n<link rel=\"canonical\" href=\"https:\/\/www.hcftir.com\/es\/contact-us\/\" \/>\n<meta property=\"og:locale\" content=\"es_ES\" \/>\n<meta property=\"og:type\" content=\"article\" \/>\n<meta property=\"og:title\" content=\"Contact Us - Hench Technology\" \/>\n<meta property=\"og:description\" content=\"Home Contact Us Contact Us Email hc@henchld.com WhatsApp +86 15012575315 Phone +86 15522429203 Address Hench Technology, 3rd Floor, Gate A, Building\u00a04,\u00a0Shengji Group, Haitai Fazhan Erlu, Xiqing\u00a0District, Tianjin\" \/>\n<meta property=\"og:url\" content=\"https:\/\/www.hcftir.com\/es\/contact-us\/\" \/>\n<meta property=\"og:site_name\" content=\"Hench Technology\" \/>\n<meta property=\"article:publisher\" content=\"https:\/\/www.facebook.com\/hcftir\" \/>\n<meta property=\"article:modified_time\" content=\"2026-03-07T01:08:23+00:00\" \/>\n<meta name=\"twitter:card\" content=\"summary_large_image\" \/>\n<meta name=\"twitter:label1\" content=\"Est. reading time\" \/>\n\t<meta name=\"twitter:data1\" content=\"1 minuto\" \/>\n<script type=\"application\/ld+json\" class=\"yoast-schema-graph\">{\"@context\":\"https:\/\/schema.org\",\"@graph\":[{\"@type\":\"WebPage\",\"@id\":\"https:\/\/www.hcftir.com\/contact-us\/\",\"url\":\"https:\/\/www.hcftir.com\/contact-us\/\",\"name\":\"Contact Us - Hench Technology\",\"isPartOf\":{\"@id\":\"https:\/\/www.hcftir.com\/#website\"},\"datePublished\":\"2025-02-07T01:55:43+00:00\",\"dateModified\":\"2026-03-07T01:08:23+00:00\",\"breadcrumb\":{\"@id\":\"https:\/\/www.hcftir.com\/contact-us\/#breadcrumb\"},\"inLanguage\":\"es\",\"potentialAction\":[{\"@type\":\"ReadAction\",\"target\":[\"https:\/\/www.hcftir.com\/contact-us\/\"]}]},{\"@type\":\"BreadcrumbList\",\"@id\":\"https:\/\/www.hcftir.com\/contact-us\/#breadcrumb\",\"itemListElement\":[{\"@type\":\"ListItem\",\"position\":1,\"name\":\"Home\",\"item\":\"https:\/\/www.hcftir.com\/\"},{\"@type\":\"ListItem\",\"position\":2,\"name\":\"Contact Us\"}]},{\"@type\":\"WebSite\",\"@id\":\"https:\/\/www.hcftir.com\/#website\",\"url\":\"https:\/\/www.hcftir.com\/\",\"name\":\"Hench Technology\",\"description\":\"Hench Technology\",\"publisher\":{\"@id\":\"https:\/\/www.hcftir.com\/#organization\"},\"potentialAction\":[{\"@type\":\"SearchAction\",\"target\":{\"@type\":\"EntryPoint\",\"urlTemplate\":\"https:\/\/www.hcftir.com\/?s={search_term_string}\"},\"query-input\":{\"@type\":\"PropertyValueSpecification\",\"valueRequired\":true,\"valueName\":\"search_term_string\"}}],\"inLanguage\":\"es\"},{\"@type\":\"Organization\",\"@id\":\"https:\/\/www.hcftir.com\/#organization\",\"name\":\"Tianjin Hench Technology Co., Ltd.\",\"url\":\"https:\/\/www.hcftir.com\/\",\"logo\":{\"@type\":\"ImageObject\",\"inLanguage\":\"es\",\"@id\":\"https:\/\/www.hcftir.com\/#\/schema\/logo\/image\/\",\"url\":\"https:\/\/www.hcftir.com\/wp-content\/uploads\/2025\/08\/cropped-cropped-Tianjin-Hench-Technology-Co.-Ltd.-logo-FTIR-instruments-and-laboratory-sample-preparation-tools-manufacturer.webp\",\"contentUrl\":\"https:\/\/www.hcftir.com\/wp-content\/uploads\/2025\/08\/cropped-cropped-Tianjin-Hench-Technology-Co.-Ltd.-logo-FTIR-instruments-and-laboratory-sample-preparation-tools-manufacturer.webp\",\"width\":512,\"height\":512,\"caption\":\"Tianjin Hench Technology Co., Ltd.\"},\"image\":{\"@id\":\"https:\/\/www.hcftir.com\/#\/schema\/logo\/image\/\"},\"sameAs\":[\"https:\/\/www.facebook.com\/hcftir\"]}]}<\/script>\n<!-- \/ Yoast SEO plugin. -->","yoast_head_json":{"title":"Contact Us - Hench Technology","robots":{"index":"index","follow":"follow","max-snippet":"max-snippet:-1","max-image-preview":"max-image-preview:large","max-video-preview":"max-video-preview:-1"},"canonical":"https:\/\/www.hcftir.com\/es\/contact-us\/","og_locale":"es_ES","og_type":"article","og_title":"Contact Us - Hench Technology","og_description":"Home Contact Us Contact Us Email hc@henchld.com WhatsApp +86 15012575315 Phone +86 15522429203 Address Hench Technology, 3rd Floor, Gate A, Building\u00a04,\u00a0Shengji Group, Haitai Fazhan Erlu, Xiqing\u00a0District, Tianjin","og_url":"https:\/\/www.hcftir.com\/es\/contact-us\/","og_site_name":"Hench Technology","article_publisher":"https:\/\/www.facebook.com\/hcftir","article_modified_time":"2026-03-07T01:08:23+00:00","twitter_card":"summary_large_image","twitter_misc":{"Est. reading time":"1 minuto"},"schema":{"@context":"https:\/\/schema.org","@graph":[{"@type":"WebPage","@id":"https:\/\/www.hcftir.com\/contact-us\/","url":"https:\/\/www.hcftir.com\/contact-us\/","name":"Contact Us - Hench Technology","isPartOf":{"@id":"https:\/\/www.hcftir.com\/#website"},"datePublished":"2025-02-07T01:55:43+00:00","dateModified":"2026-03-07T01:08:23+00:00","breadcrumb":{"@id":"https:\/\/www.hcftir.com\/contact-us\/#breadcrumb"},"inLanguage":"es","potentialAction":[{"@type":"ReadAction","target":["https:\/\/www.hcftir.com\/contact-us\/"]}]},{"@type":"BreadcrumbList","@id":"https:\/\/www.hcftir.com\/contact-us\/#breadcrumb","itemListElement":[{"@type":"ListItem","position":1,"name":"Home","item":"https:\/\/www.hcftir.com\/"},{"@type":"ListItem","position":2,"name":"Contact Us"}]},{"@type":"WebSite","@id":"https:\/\/www.hcftir.com\/#website","url":"https:\/\/www.hcftir.com\/","name":"Hench Technology","description":"Hench Technology","publisher":{"@id":"https:\/\/www.hcftir.com\/#organization"},"potentialAction":[{"@type":"SearchAction","target":{"@type":"EntryPoint","urlTemplate":"https:\/\/www.hcftir.com\/?s={search_term_string}"},"query-input":{"@type":"PropertyValueSpecification","valueRequired":true,"valueName":"search_term_string"}}],"inLanguage":"es"},{"@type":"Organization","@id":"https:\/\/www.hcftir.com\/#organization","name":"Tianjin Hench Technology Co., Ltd.","url":"https:\/\/www.hcftir.com\/","logo":{"@type":"ImageObject","inLanguage":"es","@id":"https:\/\/www.hcftir.com\/#\/schema\/logo\/image\/","url":"https:\/\/www.hcftir.com\/wp-content\/uploads\/2025\/08\/cropped-cropped-Tianjin-Hench-Technology-Co.-Ltd.-logo-FTIR-instruments-and-laboratory-sample-preparation-tools-manufacturer.webp","contentUrl":"https:\/\/www.hcftir.com\/wp-content\/uploads\/2025\/08\/cropped-cropped-Tianjin-Hench-Technology-Co.-Ltd.-logo-FTIR-instruments-and-laboratory-sample-preparation-tools-manufacturer.webp","width":512,"height":512,"caption":"Tianjin Hench Technology Co., Ltd."},"image":{"@id":"https:\/\/www.hcftir.com\/#\/schema\/logo\/image\/"},"sameAs":["https:\/\/www.facebook.com\/hcftir"]}]}},"_links":{"self":[{"href":"https:\/\/www.hcftir.com\/es\/wp-json\/wp\/v2\/pages\/37","targetHints":{"allow":["GET"]}}],"collection":[{"href":"https:\/\/www.hcftir.com\/es\/wp-json\/wp\/v2\/pages"}],"about":[{"href":"https:\/\/www.hcftir.com\/es\/wp-json\/wp\/v2\/types\/page"}],"author":[{"embeddable":true,"href":"https:\/\/www.hcftir.com\/es\/wp-json\/wp\/v2\/users\/1"}],"replies":[{"embeddable":true,"href":"https:\/\/www.hcftir.com\/es\/wp-json\/wp\/v2\/comments?post=37"}],"version-history":[{"count":77,"href":"https:\/\/www.hcftir.com\/es\/wp-json\/wp\/v2\/pages\/37\/revisions"}],"predecessor-version":[{"id":6319,"href":"https:\/\/www.hcftir.com\/es\/wp-json\/wp\/v2\/pages\/37\/revisions\/6319"}],"wp:attachment":[{"href":"https:\/\/www.hcftir.com\/es\/wp-json\/wp\/v2\/media?parent=37"}],"curies":[{"name":"wp","href":"https:\/\/api.w.org\/{rel}","templated":true}]}}