{"id":3507,"date":"2025-06-18T06:14:21","date_gmt":"2025-06-18T06:14:21","guid":{"rendered":"https:\/\/richallmed.com\/?page_id=3507"},"modified":"2025-09-28T04:43:38","modified_gmt":"2025-09-28T04:43:38","slug":"faq","status":"publish","type":"page","link":"https:\/\/www.hcftir.com\/es\/faq\/","title":{"rendered":"PREGUNTAS FRECUENTES"},"content":{"rendered":"<div class=\"path_bar\">\n        <div class=\"layout\" style=\"margin:0 auto\">\n            <ul>\n                <li><a href=\"\/\">Inicio<\/a><\/li>\n                <!--\u9762\u5305\u5c51-->\n               <li><a href=\"\">PREGUNTAS FRECUENTES<\/a><\/li>\n            <\/ul>\n        <\/div>\n    <\/div>\n\n\n\n<h1 class=\"wp-block-heading has-text-align-center sh h20 layout ch\" style=\"font-size:30px\">Preguntas frecuentes sobre prensas hidr\u00e1ulicas<\/h1>\n\n\n\n<p class=\"has-text-align-center layout bt pa\">Encuentre respuestas a preguntas comunes sobre los productos y servicios de Hench Technology. Como empresa de confianza <a href=\"https:\/\/www.hcftir.com\/\">proveedor de equipos de laboratorio<\/a>&nbsp;y proveedor de <a href=\"https:\/\/www.hcftir.com\/products\/\">suministro de material de laboratorio<\/a>le ayudamos a optimizar las operaciones de su laboratorio. Si necesita m\u00e1s ayuda, <a href=\"https:\/\/www.hcftir.com\/contact-us\/\">Contacto<\/a>&nbsp;hoy.<\/p>\n\n\n\n<div class=\"layout\" style=\"margin:0 auto 50px\">\n  \n <div class=\"accordion-container\">\n        <div class=\"accordion-item active\">\n            <div class=\"accordion-header\">\n                <span class=\"accordion-icon\">+<\/span>\n                <h2>P: \u00bfEs usted una f\u00e1brica? <\/h2>\n            <\/div>\n            <div class=\"accordion-content\"  style=\"height: auto;\">\n                <div class=\"accordion-content-inner\">\n                    <p class=\"p1\">R: S\u00ed, somos una f\u00e1brica con m\u00e1s de 10 a\u00f1os de experiencia en la fabricaci\u00f3n. <\/p>\n                <\/div>\n            <\/div>\n        <\/div>\n        \n        <div class=\"accordion-item\">\n            <div class=\"accordion-header\">\n                <span class=\"accordion-icon\">+<\/span>\n                <h2>P: \u00bfCu\u00e1l es la duraci\u00f3n de la garant\u00eda? \u00bfC\u00f3mo se gestiona la garant\u00eda en caso de problemas? <\/h2>\n            <\/div>\n            <div class=\"accordion-content\">\n                <div class=\"accordion-content-inner\">\n                    <p>R: Nuestro per\u00edodo de garant\u00eda es de un a\u00f1o. Despu\u00e9s del per\u00edodo de garant\u00eda, seguimos proporcionando servicio post-venta de por vida y estaremos a su servicio en cualquier momento. Si el problema es f\u00e1cil de resolver, le mostraremos c\u00f3mo resolverlo a trav\u00e9s de un v\u00eddeo. Si el problema es dif\u00edcil de resolver, le enviaremos un ingeniero para que le ayude.\n<\/p>\n                   \n                <\/div>\n            <\/div>\n        <\/div>\n        \n        <div class=\"accordion-item\">\n            <div class=\"accordion-header\">\n                <span class=\"accordion-icon\">+<\/span>\n                <h2>P: \u00bfC\u00f3mo controlan la calidad antes de la entrega?<\/h2>\n            <\/div>\n            <div class=\"accordion-content\">\n                <div class=\"accordion-content-inner\">\n                    <p>R: En primer lugar, nuestros proveedores de componentes probar\u00e1n los productos antes del env\u00edo. Adem\u00e1s, nuestro equipo de control de calidad probar\u00e1 el rendimiento y la velocidad de funcionamiento de la m\u00e1quina antes del env\u00edo. Si est\u00e1 ocupado, le invitamos sinceramente a venir a la f\u00e1brica para inspeccionar la m\u00e1quina en persona. Grabaremos en v\u00eddeo el proceso de prueba y se lo enviaremos.<\/p>\n                  \n                <\/div>\n            <\/div>\n        <\/div>\n\n\n <div class=\"accordion-item\">\n            <div class=\"accordion-header\">\n                <span class=\"accordion-icon\">+<\/span>\n                <h2>P: \u00bfSon sus m\u00e1quinas dif\u00edciles de manejar? \u00bfC\u00f3mo nos ense\u00f1an a utilizarlas?<\/h2>\n            <\/div>\n            <div class=\"accordion-content\">\n                <div class=\"accordion-content-inner\">\n                    <p>R: Nuestras m\u00e1quinas est\u00e1n dise\u00f1adas para ser muy f\u00e1ciles de manejar. Antes del env\u00edo, le enviaremos un v\u00eddeo introductorio en el que se explican las caracter\u00edsticas de la m\u00e1quina y c\u00f3mo utilizarla. Tambi\u00e9n podemos organizar la visita de un ingeniero a su f\u00e1brica para ayudarle a instalar y probar la m\u00e1quina e instruir a su personal sobre c\u00f3mo utilizarla.<\/p>\n                  \n                <\/div>\n            <\/div>\n        <\/div>\n\n\n <div class=\"accordion-item\">\n            <div class=\"accordion-header\">\n                <span class=\"accordion-icon\">+<\/span>\n                <h2>P: \u00bfPuedo ir a su f\u00e1brica para comprobarlo? <\/h2>\n            <\/div>\n            <div class=\"accordion-content\">\n                <div class=\"accordion-content-inner\">\n                    <p>R: S\u00ed, le invitamos cordialmente a visitar nuestra f\u00e1brica.<\/p>\n                  \n                <\/div>\n            <\/div>\n        <\/div>\n\n\n\n\n\n <div class=\"accordion-item\">\n            <div class=\"accordion-header\">\n                <span class=\"accordion-icon\">+<\/span>\n                <h2>P: \u00bfPueden fabricar la m\u00e1quina seg\u00fan la petici\u00f3n del comprador?<\/h2>\n            <\/div>\n            <div class=\"accordion-content\">\n                <div class=\"accordion-content-inner\">\n                    <p>R: S\u00ed, se acepta OEM. La mayor\u00eda de nuestras m\u00e1quinas se personalizan seg\u00fan los requisitos y situaciones de los clientes.<\/p>\n                  \n                <\/div>\n            <\/div>\n        <\/div>\n\n\n\n\n\n\n\n    <\/div>\n\n\n <\/div>\n\n\n\n<div class=\"layout sh\">\n\n    <div class=\"header_inquiry\"\n         style=\"display: flex; align-items: center; justify-content: center; height: 64vh; background-color: #f1f4f6; width: 100%;\">\n        <div id=\"header_inquiry-form\"\n             style=\"border:1px solid #bfbfbf; padding: 2em; padding-top:2.625em;width: 84%; background-color: #fff;\">\n            <div style=\"background-color: #013e5a; color: #fff; padding: 1em; border-radius: 5px; margin-bottom: 2em; text-align: center;\">\n                <h2 style=\"margin: 0; color: #fff;\">Deje su mensaje<\/h2>\n            <\/div>\n            <form id=\"header_inquiry-form-content\" action=\"#\" method=\"post\" style=\"color: #666;\" data-trp-original-action=\"#\">\n                <input type=\"text\" name=\"title\" id=\"name\" placeholder=\"*Nombre...\" required\n style=\"width: 100%; padding: 1em; margin-bottom: 1em; box-sizing: border-box;\">\n                <input type=\"email\" name=\"email\" id=\"email\"\n                       placeholder=\"*Correo electr\u00f3nico (le responderemos por correo electr\u00f3nico en 24 horas)\" required\n style=\"width: 100%; padding: 1em; margin-bottom: 1em; box-sizing: border-box;\">\n                <input type=\"text\" name=\"telephone\" id=\"phone\" placeholder=\"*Tel\u00e9fono\/WhatsApp\/WeChat (Muy importante)\"\n                       pattern=\".*\\S.*\" required style=\"width: 100%; padding: 1em; margin-bottom: 1em; box-sizing: border-box;\">\n                <textarea name=\"message\" id=\"details\" rows=\"4\"\n                          placeholder=\"Introduzca los detalles de la cabecera, como tama\u00f1o, color, materiales, etc., y otros requisitos espec\u00edficos para recibir un presupuesto preciso.\"\n                          style=\"width: 100%; padding: 1em; margin-bottom: 1em; box-sizing: border-box;\"><\/textarea>\n                <button id=\"send_form\" type=\"submit\"\n                        style=\"background-color: #f28808; color: #fff; padding: 1em 1.5em; border: none; border-radius: 3px; cursor: pointer; width: 100%;\">\n                    Enviar\n                <\/button>\n            <input type=\"hidden\" name=\"trp-form-language\" value=\"es\"\/><\/form>\n        <\/div>\n    <\/div>\n    \n\n<\/div>\n\n\n\n<style>\n\/* \u624b\u98ce\u7434\u5bb9\u5668 *\/\n.accordion-container {\n    max-width: 100%;\n    margin: 0 auto;\n    box-shadow: 0 5px 15px rgba(0, 0, 0, 0.1);\n    border-radius: 8px;\n    overflow: hidden;\n}\n\n\/* \u624b\u98ce\u7434\u9879 *\/\n.accordion-item {\n    border-bottom: 1px solid #e0e0e0;\n    background-color: white;\n}\n\n.accordion-item:last-child {\n    border-bottom: none;\n}\n\n\/* \u624b\u98ce\u7434\u6807\u9898 *\/\n.accordion-header {\n    padding: 18px 25px;\n    cursor: pointer;\n    display: flex;\n    align-items: center;\n    transition: background-color 0.3s ease;\n    position: relative;\n}\n\n.accordion-header:hover {\n    background-color: #f8f9fa;\n}\n\n.accordion-header h2 {\n    margin: 0;\n    font-weight: 600;\n    color: #2c3e50;\n    flex: 1;\nfont-size:18px\n}\n\n\/* \u624b\u98ce\u7434\u56fe\u6807 *\/\n.accordion-icon {\n    width: 20px;\n    height: 20px;\n    display: inline-flex;\n    align-items: center;\n    justify-content: center;\n    margin-right: 15px;\n    font-size: 18px;\n    font-weight: bold;\n    transition: transform 0.3s ease;\n    color: #c63339;\n}\n\n\/* \u624b\u98ce\u7434\u5185\u5bb9 - \u4fee\u6539\u90e8\u5206 *\/\n.accordion-content {\n    padding: 0 25px;\n    overflow: hidden;\n    transition: height 0.3s ease;\n    background-color: #f8f9fa;\n    height: 0;\n}\n\n.accordion-content-inner {\n    padding: 20px 0;\n}\n\n.accordion-content p, \n.accordion-content ul, \n.accordion-content img {\n    margin-bottom: 15px;\n}\n\n.accordion-content ul {\n    padding-left: 20px;\n}\n\n\/* \u6fc0\u6d3b\u72b6\u6001 *\/\n.accordion-item.active .accordion-header {\n    background-color: #f1f8fe;\n}\n\n.accordion-item.active .accordion-icon {\n    transform: rotate(45deg);\n}\n\n\/* \u54cd\u5e94\u5f0f\u8bbe\u8ba1 *\/\n@media (max-width: 600px) {\n    .accordion-header {\n        padding: 15px 20px;\n    }\n    \n    .accordion-content {\n        padding: 0 20px;\n    }\n    \n    .accordion-content-inner {\n        padding: 15px 0;\n    }\n}\n\n<\/style>\n\n<script>\ndocument.addEventListener('DOMContentLoaded', function() {\n    const accordionItems = document.querySelectorAll('.accordion-item');\n    \n    \/\/ \u521d\u59cb\u5316\u7b2c\u4e00\u4e2a\u9879\u76ee\u4e3a\u5c55\u5f00\u72b6\u6001\n    const firstItem = accordionItems[0];\n    const firstContent = firstItem.querySelector('.accordion-content');\n    const firstInnerContent = firstItem.querySelector('.accordion-content-inner');\n    firstContent.style.height = firstInnerContent.scrollHeight + 'px';\n    \n    accordionItems.forEach(item => {\n        const header = item.querySelector('.accordion-header');\n        const content = item.querySelector('.accordion-content');\n        const innerContent = item.querySelector('.accordion-content-inner');\n        \n        header.addEventListener('click', () => {\n            \/\/ \u5982\u679c\u70b9\u51fb\u7684\u662f\u5df2\u5c55\u5f00\u7684\u9879\u76ee\uff0c\u5219\u4e0d\u505a\u4efb\u4f55\u64cd\u4f5c\n            if (item.classList.contains('active')) {\n                return;\n            }\n            \n            \/\/ \u5173\u95ed\u6240\u6709\u5df2\u6253\u5f00\u7684\u9879\u76ee\n            accordionItems.forEach(otherItem => {\n                if (otherItem.classList.contains('active')) {\n                    const otherContent = otherItem.querySelector('.accordion-content');\n                    otherItem.classList.remove('active');\n                    otherContent.style.height = '0';\n                }\n            });\n            \n            \/\/ \u5c55\u5f00\u5f53\u524d\u70b9\u51fb\u7684\u9879\u76ee\n            item.classList.add('active');\n            content.style.height = innerContent.scrollHeight + 'px';\n        });\n    });\n    \n    \/\/ \u7a97\u53e3\u5927\u5c0f\u6539\u53d8\u65f6\u91cd\u65b0\u8ba1\u7b97\u9ad8\u5ea6\n    window.addEventListener('resize', () => {\n        accordionItems.forEach(item => {\n            if (item.classList.contains('active')) {\n                const content = item.querySelector('.accordion-content');\n                const innerContent = item.querySelector('.accordion-content-inner');\n                content.style.height = innerContent.scrollHeight + 'px';\n            }\n        });\n    });\n});\n<\/script>\n\n\n\n<style>\n.sh{\nmargin:30px auto\n\n}\n.bt{\npadding-bottom:50px\n\n}\n.fimg img{\n   width:100%\n}\n<\/style>\n\n\n\n<style>\n@media screen and (max-width:981px){\n#icon-contact .ic-list li {\n   \n    width: 50%;\n    float: left;\n}\n.h20{\nfont-size:20px!important\n\n}\n.h16{\nfont-size:16px!important\n\n}\n.accordion-header h2{\n    font-size: 16px!important;\n    line-height: 1.3;\n\n}\n\n}\n<\/style>","protected":false},"excerpt":{"rendered":"<p>Inicio FAQ Preguntas Frecuentes sobre Prensas Hidr\u00e1ulicas Encuentre respuestas a preguntas comunes sobre los productos y servicios de Hench Technology. Como proveedor de equipos de laboratorio de confianza y proveedor de suministro de equipos de laboratorio, le ayudamos a optimizar sus operaciones de laboratorio. Para obtener m\u00e1s ayuda, p\u00f3ngase en contacto con nosotros hoy. + P: \u00bfSon una f\u00e1brica? R: S\u00ed, somos una f\u00e1brica con [...]<\/p>","protected":false},"author":1,"featured_media":5097,"parent":0,"menu_order":0,"comment_status":"closed","ping_status":"closed","template":"","meta":{"footnotes":""},"class_list":["post-3507","page","type-page","status-publish","has-post-thumbnail","hentry"],"yoast_head":"<!-- This site is optimized with the Yoast SEO plugin v24.4 - https:\/\/yoast.com\/wordpress\/plugins\/seo\/ -->\n<title>Frequently Asked Questions about Hydraulic Presses<\/title>\n<meta name=\"description\" content=\"Find answers to common questions about Hench Technology\u2019s products and services, including FTIR instruments, hydraulic presses, and sample preparation solutions.\" \/>\n<meta name=\"robots\" content=\"index, follow, max-snippet:-1, max-image-preview:large, max-video-preview:-1\" \/>\n<link rel=\"canonical\" href=\"https:\/\/www.hcftir.com\/es\/faq\/\" \/>\n<meta property=\"og:locale\" content=\"es_ES\" \/>\n<meta property=\"og:type\" content=\"article\" \/>\n<meta property=\"og:title\" content=\"Frequently Asked Questions about Hydraulic Presses\" \/>\n<meta property=\"og:description\" content=\"Find answers to common questions about Hench Technology\u2019s products and services, including FTIR instruments, hydraulic presses, and sample preparation solutions.\" \/>\n<meta property=\"og:url\" content=\"https:\/\/www.hcftir.com\/es\/faq\/\" \/>\n<meta property=\"og:site_name\" content=\"Hench Technology\" \/>\n<meta property=\"article:publisher\" content=\"https:\/\/www.facebook.com\/hcftir\" \/>\n<meta property=\"article:modified_time\" content=\"2025-09-28T04:43:38+00:00\" \/>\n<meta property=\"og:image\" content=\"https:\/\/www.hcftir.com\/wp-content\/uploads\/2025\/09\/Manual-hot-press-machine-2.webp\" \/>\n\t<meta property=\"og:image:width\" content=\"800\" \/>\n\t<meta property=\"og:image:height\" content=\"800\" \/>\n\t<meta property=\"og:image:type\" content=\"image\/webp\" \/>\n<meta name=\"twitter:card\" content=\"summary_large_image\" \/>\n<meta name=\"twitter:label1\" content=\"Est. reading time\" \/>\n\t<meta name=\"twitter:data1\" content=\"2 minutos\" \/>\n<script type=\"application\/ld+json\" class=\"yoast-schema-graph\">{\"@context\":\"https:\/\/schema.org\",\"@graph\":[{\"@type\":\"WebPage\",\"@id\":\"https:\/\/www.hcftir.com\/faq\/\",\"url\":\"https:\/\/www.hcftir.com\/faq\/\",\"name\":\"Frequently Asked Questions about Hydraulic Presses\",\"isPartOf\":{\"@id\":\"https:\/\/www.hcftir.com\/#website\"},\"primaryImageOfPage\":{\"@id\":\"https:\/\/www.hcftir.com\/faq\/#primaryimage\"},\"image\":{\"@id\":\"https:\/\/www.hcftir.com\/faq\/#primaryimage\"},\"thumbnailUrl\":\"https:\/\/www.hcftir.com\/wp-content\/uploads\/2025\/09\/Manual-hot-press-machine-2.webp\",\"datePublished\":\"2025-06-18T06:14:21+00:00\",\"dateModified\":\"2025-09-28T04:43:38+00:00\",\"description\":\"Find answers to common questions about Hench Technology\u2019s products and services, including FTIR instruments, hydraulic presses, and sample preparation solutions.\",\"breadcrumb\":{\"@id\":\"https:\/\/www.hcftir.com\/faq\/#breadcrumb\"},\"inLanguage\":\"es\",\"potentialAction\":[{\"@type\":\"ReadAction\",\"target\":[\"https:\/\/www.hcftir.com\/faq\/\"]}]},{\"@type\":\"ImageObject\",\"inLanguage\":\"es\",\"@id\":\"https:\/\/www.hcftir.com\/faq\/#primaryimage\",\"url\":\"https:\/\/www.hcftir.com\/wp-content\/uploads\/2025\/09\/Manual-hot-press-machine-2.webp\",\"contentUrl\":\"https:\/\/www.hcftir.com\/wp-content\/uploads\/2025\/09\/Manual-hot-press-machine-2.webp\",\"width\":800,\"height\":800,\"caption\":\"Manual hot press machine\"},{\"@type\":\"BreadcrumbList\",\"@id\":\"https:\/\/www.hcftir.com\/faq\/#breadcrumb\",\"itemListElement\":[{\"@type\":\"ListItem\",\"position\":1,\"name\":\"Home\",\"item\":\"https:\/\/www.hcftir.com\/\"},{\"@type\":\"ListItem\",\"position\":2,\"name\":\"FAQ\"}]},{\"@type\":\"WebSite\",\"@id\":\"https:\/\/www.hcftir.com\/#website\",\"url\":\"https:\/\/www.hcftir.com\/\",\"name\":\"Hench Technology\",\"description\":\"Hench Technology\",\"publisher\":{\"@id\":\"https:\/\/www.hcftir.com\/#organization\"},\"potentialAction\":[{\"@type\":\"SearchAction\",\"target\":{\"@type\":\"EntryPoint\",\"urlTemplate\":\"https:\/\/www.hcftir.com\/?s={search_term_string}\"},\"query-input\":{\"@type\":\"PropertyValueSpecification\",\"valueRequired\":true,\"valueName\":\"search_term_string\"}}],\"inLanguage\":\"es\"},{\"@type\":\"Organization\",\"@id\":\"https:\/\/www.hcftir.com\/#organization\",\"name\":\"Tianjin Hench Technology Co., Ltd.\",\"url\":\"https:\/\/www.hcftir.com\/\",\"logo\":{\"@type\":\"ImageObject\",\"inLanguage\":\"es\",\"@id\":\"https:\/\/www.hcftir.com\/#\/schema\/logo\/image\/\",\"url\":\"https:\/\/www.hcftir.com\/wp-content\/uploads\/2025\/08\/cropped-cropped-Tianjin-Hench-Technology-Co.-Ltd.-logo-FTIR-instruments-and-laboratory-sample-preparation-tools-manufacturer.webp\",\"contentUrl\":\"https:\/\/www.hcftir.com\/wp-content\/uploads\/2025\/08\/cropped-cropped-Tianjin-Hench-Technology-Co.-Ltd.-logo-FTIR-instruments-and-laboratory-sample-preparation-tools-manufacturer.webp\",\"width\":512,\"height\":512,\"caption\":\"Tianjin Hench Technology Co., Ltd.\"},\"image\":{\"@id\":\"https:\/\/www.hcftir.com\/#\/schema\/logo\/image\/\"},\"sameAs\":[\"https:\/\/www.facebook.com\/hcftir\"]}]}<\/script>\n<!-- \/ Yoast SEO plugin. -->","yoast_head_json":{"title":"Frequently Asked Questions about Hydraulic Presses","description":"Find answers to common questions about Hench Technology\u2019s products and services, including FTIR instruments, hydraulic presses, and sample preparation solutions.","robots":{"index":"index","follow":"follow","max-snippet":"max-snippet:-1","max-image-preview":"max-image-preview:large","max-video-preview":"max-video-preview:-1"},"canonical":"https:\/\/www.hcftir.com\/es\/faq\/","og_locale":"es_ES","og_type":"article","og_title":"Frequently Asked Questions about Hydraulic Presses","og_description":"Find answers to common questions about Hench Technology\u2019s products and services, including FTIR instruments, hydraulic presses, and sample preparation solutions.","og_url":"https:\/\/www.hcftir.com\/es\/faq\/","og_site_name":"Hench Technology","article_publisher":"https:\/\/www.facebook.com\/hcftir","article_modified_time":"2025-09-28T04:43:38+00:00","og_image":[{"width":800,"height":800,"url":"https:\/\/www.hcftir.com\/wp-content\/uploads\/2025\/09\/Manual-hot-press-machine-2.webp","type":"image\/webp"}],"twitter_card":"summary_large_image","twitter_misc":{"Est. reading time":"2 minutos"},"schema":{"@context":"https:\/\/schema.org","@graph":[{"@type":"WebPage","@id":"https:\/\/www.hcftir.com\/faq\/","url":"https:\/\/www.hcftir.com\/faq\/","name":"Frequently Asked Questions about Hydraulic Presses","isPartOf":{"@id":"https:\/\/www.hcftir.com\/#website"},"primaryImageOfPage":{"@id":"https:\/\/www.hcftir.com\/faq\/#primaryimage"},"image":{"@id":"https:\/\/www.hcftir.com\/faq\/#primaryimage"},"thumbnailUrl":"https:\/\/www.hcftir.com\/wp-content\/uploads\/2025\/09\/Manual-hot-press-machine-2.webp","datePublished":"2025-06-18T06:14:21+00:00","dateModified":"2025-09-28T04:43:38+00:00","description":"Find answers to common questions about Hench Technology\u2019s products and services, including FTIR instruments, hydraulic presses, and sample preparation solutions.","breadcrumb":{"@id":"https:\/\/www.hcftir.com\/faq\/#breadcrumb"},"inLanguage":"es","potentialAction":[{"@type":"ReadAction","target":["https:\/\/www.hcftir.com\/faq\/"]}]},{"@type":"ImageObject","inLanguage":"es","@id":"https:\/\/www.hcftir.com\/faq\/#primaryimage","url":"https:\/\/www.hcftir.com\/wp-content\/uploads\/2025\/09\/Manual-hot-press-machine-2.webp","contentUrl":"https:\/\/www.hcftir.com\/wp-content\/uploads\/2025\/09\/Manual-hot-press-machine-2.webp","width":800,"height":800,"caption":"Manual hot press machine"},{"@type":"BreadcrumbList","@id":"https:\/\/www.hcftir.com\/faq\/#breadcrumb","itemListElement":[{"@type":"ListItem","position":1,"name":"Home","item":"https:\/\/www.hcftir.com\/"},{"@type":"ListItem","position":2,"name":"FAQ"}]},{"@type":"WebSite","@id":"https:\/\/www.hcftir.com\/#website","url":"https:\/\/www.hcftir.com\/","name":"Hench Technology","description":"Hench Technology","publisher":{"@id":"https:\/\/www.hcftir.com\/#organization"},"potentialAction":[{"@type":"SearchAction","target":{"@type":"EntryPoint","urlTemplate":"https:\/\/www.hcftir.com\/?s={search_term_string}"},"query-input":{"@type":"PropertyValueSpecification","valueRequired":true,"valueName":"search_term_string"}}],"inLanguage":"es"},{"@type":"Organization","@id":"https:\/\/www.hcftir.com\/#organization","name":"Tianjin Hench Technology Co., Ltd.","url":"https:\/\/www.hcftir.com\/","logo":{"@type":"ImageObject","inLanguage":"es","@id":"https:\/\/www.hcftir.com\/#\/schema\/logo\/image\/","url":"https:\/\/www.hcftir.com\/wp-content\/uploads\/2025\/08\/cropped-cropped-Tianjin-Hench-Technology-Co.-Ltd.-logo-FTIR-instruments-and-laboratory-sample-preparation-tools-manufacturer.webp","contentUrl":"https:\/\/www.hcftir.com\/wp-content\/uploads\/2025\/08\/cropped-cropped-Tianjin-Hench-Technology-Co.-Ltd.-logo-FTIR-instruments-and-laboratory-sample-preparation-tools-manufacturer.webp","width":512,"height":512,"caption":"Tianjin Hench Technology Co., Ltd."},"image":{"@id":"https:\/\/www.hcftir.com\/#\/schema\/logo\/image\/"},"sameAs":["https:\/\/www.facebook.com\/hcftir"]}]}},"_links":{"self":[{"href":"https:\/\/www.hcftir.com\/es\/wp-json\/wp\/v2\/pages\/3507","targetHints":{"allow":["GET"]}}],"collection":[{"href":"https:\/\/www.hcftir.com\/es\/wp-json\/wp\/v2\/pages"}],"about":[{"href":"https:\/\/www.hcftir.com\/es\/wp-json\/wp\/v2\/types\/page"}],"author":[{"embeddable":true,"href":"https:\/\/www.hcftir.com\/es\/wp-json\/wp\/v2\/users\/1"}],"replies":[{"embeddable":true,"href":"https:\/\/www.hcftir.com\/es\/wp-json\/wp\/v2\/comments?post=3507"}],"version-history":[{"count":44,"href":"https:\/\/www.hcftir.com\/es\/wp-json\/wp\/v2\/pages\/3507\/revisions"}],"predecessor-version":[{"id":5753,"href":"https:\/\/www.hcftir.com\/es\/wp-json\/wp\/v2\/pages\/3507\/revisions\/5753"}],"wp:featuredmedia":[{"embeddable":true,"href":"https:\/\/www.hcftir.com\/es\/wp-json\/wp\/v2\/media\/5097"}],"wp:attachment":[{"href":"https:\/\/www.hcftir.com\/es\/wp-json\/wp\/v2\/media?parent=3507"}],"curies":[{"name":"wp","href":"https:\/\/api.w.org\/{rel}","templated":true}]}}